{"id":4323,"date":"2017-10-31T07:45:20","date_gmt":"2017-10-31T07:45:20","guid":{"rendered":"http:\/\/ccopperalloys.com\/contact\/"},"modified":"2024-03-28T13:02:07","modified_gmt":"2024-03-28T13:02:07","slug":"contact","status":"publish","type":"page","link":"http:\/\/ccopperalloys.com\/en\/contact\/","title":{"rendered":"Contact"},"content":{"rendered":"<div class=\"wpb-content-wrapper\"><p>[vc_row][vc_column]<div class=\"mf-empty-space \" style=\"\"><div class=\"mf_empty_space_lg\"  style=\"height: 80px\"><\/div><div class=\"mf_empty_space_md\"  style=\"height: 50px\"><\/div><div class=\"mf_empty_space_xs\"  style=\"height: 50px\"><\/div><\/div>[\/vc_column][\/vc_row][vc_row][vc_column]<div class=\"mf-section-title text-left dark large-size \"><h2 >Contact<\/h2><\/div><div class=\"mf-empty-space \" style=\"\"><div class=\"mf_empty_space_lg\"  style=\"height: 50px\"><\/div><div class=\"mf_empty_space_md\"  style=\"height: 30px\"><\/div><div class=\"mf_empty_space_xs\"  style=\"height: 30px\"><\/div><\/div>[vc_row_inner][vc_column_inner width=\u201d1\/2\u2033 offset=\u201dvc_col-lg-4 vc_col-md-12\u2033]<div class=\"mf-contact-box clearfix \"><div class=\"mf-section-title text-left dark medium-size \"><h2 >Informations<\/h2><\/div><div class=\"contact-info address\"><i class=\"flaticon-arrow\"><\/i><div><span>Address:<\/span> <bold> CO\u015eKUN COPPERALLOYS BAKIR ALA\u015eIMLARI \u0130TH.\u0130HR.SAN.VE T\u0130C.LTD.\u015eT\u0130. <\/bold><br \/>\nAltay District Orhan Bey Street. Ata Y\u0131ld\u0131z Plaza No:1\/12 Etimesgut - Ankara<\/div><\/div><div class=\"contact-info phone\"><i class=\"fa fa-phone\"><\/i><div><span>Call Us:<\/span> +90 312 544 21 27<\/div><\/div><div class=\"contact-info email\"><i class=\"flaticon-note\"><\/i><div><span>Mail Us:<\/span> info@ccopperalloys.com<\/div><\/div><ul class=\"contact-social\"><li class=\"facebook\">\n\t\t\t\t\t\t<a href=\"#\" target=\"_blank\">\n\t\t\t\t\t\t\t<i class=\"fa fa-facebook\"><\/i>\n\t\t\t\t\t\t<\/a>\n\t\t\t\t\t<\/li><li class=\"twitter\">\n\t\t\t\t\t\t<a href=\"#\" target=\"_blank\">\n\t\t\t\t\t\t\t<i class=\"fa fa-twitter\"><\/i>\n\t\t\t\t\t\t<\/a>\n\t\t\t\t\t<\/li><li class=\"googleplus\">\n\t\t\t\t\t\t<a href=\"#\" target=\"_blank\">\n\t\t\t\t\t\t\t<i class=\"fa fa-google-plus\"><\/i>\n\t\t\t\t\t\t<\/a>\n\t\t\t\t\t<\/li><li class=\"skype\">\n\t\t\t\t\t\t<a href=\"#\" target=\"_blank\">\n\t\t\t\t\t\t\t<i class=\"fa fa-skype\"><\/i>\n\t\t\t\t\t\t<\/a>\n\t\t\t\t\t<\/li><li class=\"linkedin\">\n\t\t\t\t\t\t<a href=\"#\" target=\"_blank\">\n\t\t\t\t\t\t\t<i class=\"fa fa-linkedin\"><\/i>\n\t\t\t\t\t\t<\/a>\n\t\t\t\t\t<\/li><\/ul><\/div><div class=\"mf-empty-space \" style=\"\"><div class=\"mf_empty_space_lg\"  style=\"height: 80px\"><\/div><div class=\"mf_empty_space_md\"  style=\"height: 50px\"><\/div><div class=\"mf_empty_space_xs\"  style=\"height: 50px\"><\/div><\/div>[\/vc_column_inner][vc_column_inner width=\u201d1\/2\u2033 offset=\u201dvc_col-lg-4 vc_col-md-12\u2033]<div class=\"mf-working-hour \"><div class=\"mf-section-title text-left dark medium-size \"><h2 >Working hours<\/h2><\/div><ul class=\"mf-list-hour\"><li><span class=\"day\">Monday<\/span><span class=\"hour\">09:00am - 18:00pm<\/span><\/li><li><span class=\"day\">Tuesday<\/span><span class=\"hour\">09:00am - 18:00pm<\/span><\/li><li><span class=\"day\">Wednesday<\/span><span class=\"hour\">09:00am - 18:00pm<\/span><\/li><li><span class=\"day\">Thursday<\/span><span class=\"hour\">09:00am - 18:00pm<\/span><\/li><li><span class=\"day\">Friday<\/span><span class=\"hour\">09:00am - 18:00pm<\/span><\/li><li><span class=\"day\">Saturday<\/span><span class=\"hour\">09:00am - 18:00pm<\/span><\/li><li><span class=\"day\">Sunday<\/span><span class=\"hour\">Closed<\/span><\/li><\/ul><\/div><div class=\"mf-empty-space \" style=\"\"><div class=\"mf_empty_space_lg\"  style=\"height: 80px\"><\/div><div class=\"mf_empty_space_md\"  style=\"height: 50px\"><\/div><div class=\"mf_empty_space_xs\"  style=\"height: 50px\"><\/div><\/div>[\/vc_column_inner][\/vc_row_inner][\/vc_column][\/vc_row][vc_row full_width=\u201dstretch_row_content_no_spaces\u201d disable_element=\u201dyes\u201d][vc_column]Something went wrong while retrieving your map, please ensure you have entered the short code correctly.[\/vc_column][\/vc_row][vc_row full_width=\u201dstretch_row_content_no_spaces\u201d][vc_column][vc_gmaps link=\u201d#E-8_JTNDaWZyYW1lJTIwc3JjJTNEJTIyaHR0cHMlM0ElMkYlMkZ3d3cuZ29vZ2xlLmNvbSUyRm1hcHMlMkZlbWJlZCUzRnBiJTNEJTIxMW0xOCUyMTFtMTIlMjExbTMlMjExZDMwNTcuODU5MTY4ODM5MzM3NiUyMTJkMzIuNjMyOTI3Mzc2NDQ4MTQlMjEzZDM5Ljk2NjkwMTI4Mjg5NDAxNCUyMTJtMyUyMTFmMCUyMTJmMCUyMTNmMCUyMTNtMiUyMTFpMTAyNCUyMTJpNzY4JTIxNGYxMy4xJTIxM20zJTIxMW0yJTIxMXMweDE0ZDMzNzRlZTQ3NmUxNjElMjUzQTB4ZjA4Y2M5YWViZjg0MDg1MiUyMTJ6UVhSaGVjU3hiR1RFc1hvZ1VHeGhlbUUlMjE1ZTAlMjEzbTIlMjExc3RyJTIxMnN0ciUyMTR2MTY5NzAyMTE2NzI4MCUyMTVtMiUyMTFzdHIlMjEyc3RyJTIyJTIwd2lkdGglM0QlMjI2MDAlMjIlMjBoZWlnaHQlM0QlMjI0NTAlMjIlMjBzdHlsZSUzRCUyMmJvcmRlciUzQTAlM0IlMjIlMjBhbGxvd2Z1bGxzY3JlZW4lM0QlMjIlMjIlMjBsb2FkaW5nJTNEJTIybGF6eSUyMiUyMHJlZmVycmVycG9saWN5JTNEJTIybm8tcmVmZXJyZXItd2hlbi1kb3duZ3JhZGUlMjIlM0UlM0MlMkZpZnJhbWUlM0U=\u201d][\/vc_column][\/vc_row]<\/p>\n<\/div>","protected":false},"excerpt":{"rendered":"<p>[vc_row][vc_column][\/vc_column][\/vc_row][vc_row][vc_column][vc_row_inner][vc_column_inner width=\u201d1\/2\u2033 offset=\u201dvc_col-lg-4 vc_col-md-12\u2033][\/vc_column_inner][vc_column_inner width=\u201d1\/2\u2033 offset=\u201dvc_col-lg-4 vc_col-md-12\u2033][\/vc_column_inner][\/vc_row_inner][\/vc_column][\/vc_row][vc_row full_width=\u201dstretch_row_content_no_spaces\u201d disable_element=\u201dyes\u201d][vc_column][\/vc_column][\/vc_row][vc_row full_width=\u201dstretch_row_content_no_spaces\u201d][vc_column][vc_gmaps link=\u201d#E-8_JTNDaWZyYW1lJTIwc3JjJTNEJTIyaHR0cHMlM0ElMkYlMkZ3d3cuZ29vZ2xlLmNvbSUyRm1hcHMlMkZlbWJlZCUzRnBiJTNEJTIxMW0xOCUyMTFtMTIlMjExbTMlMjExZDMwNTcuODU5MTY4ODM5MzM3NiUyMTJkMzIuNjMyOTI3Mzc2NDQ4MTQlMjEzZDM5Ljk2NjkwMTI4Mjg5NDAxNCUyMTJtMyUyMTFmMCUyMTJmMCUyMTNmMCUyMTNtMiUyMTFpMTAyNCUyMTJpNzY4JTIxNGYxMy4xJTIxM20zJTIxMW0yJTIxMXMweDE0ZDMzNzRlZTQ3NmUxNjElMjUzQTB4ZjA4Y2M5YWViZjg0MDg1MiUyMTJ6UVhSaGVjU3hiR1RFc1hvZ1VHeGhlbUUlMjE1ZTAlMjEzbTIlMjExc3RyJTIxMnN0ciUyMTR2MTY5NzAyMTE2NzI4MCUyMTVtMiUyMTFzdHIlMjEyc3RyJTIyJTIwd2lkdGglM0QlMjI2MDAlMjIlMjBoZWlnaHQlM0QlMjI0NTAlMjIlMjBzdHlsZSUzRCUyMmJvcmRlciUzQTAlM0IlMjIlMjBhbGxvd2Z1bGxzY3JlZW4lM0QlMjIlMjIlMjBsb2FkaW5nJTNEJTIybGF6eSUyMiUyMHJlZmVycmVycG9saWN5JTNEJTIybm8tcmVmZXJyZXItd2hlbi1kb3duZ3JhZGUlMjIlM0UlM0MlMkZpZnJhbWUlM0U=\u201d][\/vc_column][\/vc_row]<\/p>\n","protected":false},"author":1,"featured_media":0,"parent":0,"menu_order":0,"comment_status":"closed","ping_status":"closed","template":"template-fullwidth.php","meta":{"footnotes":""},"class_list":["post-4323","page","type-page","status-publish","hentry","no-thumb"],"_links":{"self":[{"href":"http:\/\/ccopperalloys.com\/en\/wp-json\/wp\/v2\/pages\/4323","targetHints":{"allow":["GET"]}}],"collection":[{"href":"http:\/\/ccopperalloys.com\/en\/wp-json\/wp\/v2\/pages"}],"about":[{"href":"http:\/\/ccopperalloys.com\/en\/wp-json\/wp\/v2\/types\/page"}],"author":[{"embeddable":true,"href":"http:\/\/ccopperalloys.com\/en\/wp-json\/wp\/v2\/users\/1"}],"replies":[{"embeddable":true,"href":"http:\/\/ccopperalloys.com\/en\/wp-json\/wp\/v2\/comments?post=4323"}],"version-history":[{"count":5,"href":"http:\/\/ccopperalloys.com\/en\/wp-json\/wp\/v2\/pages\/4323\/revisions"}],"predecessor-version":[{"id":4404,"href":"http:\/\/ccopperalloys.com\/en\/wp-json\/wp\/v2\/pages\/4323\/revisions\/4404"}],"wp:attachment":[{"href":"http:\/\/ccopperalloys.com\/en\/wp-json\/wp\/v2\/media?parent=4323"}],"curies":[{"name":"wp","href":"https:\/\/api.w.org\/{rel}","templated":true}]}}