{"id":4321,"date":"2017-10-31T07:44:25","date_gmt":"2017-10-31T07:44:25","guid":{"rendered":"http:\/\/ccopperalloys.com\/about-us\/"},"modified":"2024-03-28T09:15:03","modified_gmt":"2024-03-28T09:15:03","slug":"about-us","status":"publish","type":"page","link":"http:\/\/ccopperalloys.com\/en\/about-us\/","title":{"rendered":"About us"},"content":{"rendered":"<div class=\"wpb-content-wrapper\"><p>[vc_row][vc_column]<div class=\"mf-empty-space \" style=\"\"><div class=\"mf_empty_space_lg\"  style=\"height: 80px\"><\/div><div class=\"mf_empty_space_md\"  style=\"height: 50px\"><\/div><div class=\"mf_empty_space_xs\"  style=\"height: 50px\"><\/div><\/div>[\/vc_column][\/vc_row][vc_row][vc_column offset=\u201dvc_col-lg-4 vc_col-md-12\u2033][vc_single_image image=\u201d4108\u2033 img_size=\u201d370\u00d7360\u2033]<div class=\"mf-empty-space \" style=\"\"><div class=\"mf_empty_space_lg\"  style=\"height: 50px\"><\/div><div class=\"mf_empty_space_md\"  style=\"height: 30px\"><\/div><div class=\"mf_empty_space_xs\"  style=\"height: 30px\"><\/div><\/div>[\/vc_column][vc_column offset=\u201dvc_col-lg-4 vc_col-md-12\u2033][vc_custom_heading text=\u201dWelcome to Our Factory\u201d font_container=\u201dtag:h2|font_size:20|text_align:left\u201d use_theme_fonts=\u201dyes\u201d el_class=\u201dfw-medium\u201d css=\u201d.vc_custom_1697007111833{margin-top: 0px !important;margin-bottom: 0px !important;}\u201d]<div class=\"mf-empty-space \" style=\"\"><div class=\"mf_empty_space_lg\"  style=\"height: 20px\"><\/div><div class=\"mf_empty_space_md\"  style=\"height: 20px\"><\/div><div class=\"mf_empty_space_xs\"  style=\"height: 20px\"><\/div><\/div>[vc_column_text]Co\u015fkun Copperalloys Copper Alloys Import, Export Industry. and Tic. Ltd. \u015eti. operates in line with the demands of our valued customers. We supply high quality Copper and Brass strips, rolls at competitive prices without compromising the quality standards in our products. In addition, we provide supply and consultancy services to companies producing Copper-Brass roll semi-finished products, Defense Industry, Electrical-Electronics, Transformer manufacturers, Auto radiator manufacturers, Textile Accessories manufacturers and other sectors using Copper-Brass strips and rolls.[\/vc_column_text]<div class=\"mf-empty-space \" style=\"\"><div class=\"mf_empty_space_lg\"  style=\"height: 25px\"><\/div><div class=\"mf_empty_space_md\"  style=\"height: 25px\"><\/div><div class=\"mf_empty_space_xs\"  style=\"height: 25px\"><\/div><\/div>[vc_single_image image=\u201d3956\u2033 img_size=\u201dfull\u201d]<div class=\"mf-empty-space \" style=\"\"><div class=\"mf_empty_space_lg\"  style=\"height: 15px\"><\/div><div class=\"mf_empty_space_md\"  style=\"height: 15px\"><\/div><div class=\"mf_empty_space_xs\"  style=\"height: 15px\"><\/div><\/div>[vc_column_text]<\/p>\n<div style=\"font-size: 20px; font-weight: 500; color: #393939;\">Co\u015fkun \u0130STEM\u0130HAN<\/div>\n<div class=\"main-color\" style=\"font-weight: 400;\">CEO & Founder<\/div>\n<div id=\"simple-translate\" class=\"simple-translate-light-theme\">\n<div>\n<div class=\"simple-translate-button isShow\" style=\"background-image: url('chrome-extension:\/\/ibplnjkanclpjokhdolnendpplpjiace\/icons\/512.png'); height: 22px; width: 22px; top: 34px; left: 101px;\"><\/div>\n<div class=\"simple-translate-panel \" style=\"width: 300px; height: 200px; top: 0px; left: 0px; font-size: 13px;\">\n<div class=\"simple-translate-result-wrapper\" style=\"overflow: hidden;\">\n<div class=\"simple-translate-move\" draggable=\"true\"><\/div>\n<div class=\"simple-translate-result-contents\">\n<p class=\"simple-translate-result\" dir=\"auto\">\n<p class=\"simple-translate-candidate\" dir=\"auto\"><\/div>\n<\/div>\n<\/div>\n<\/div>\n<\/div>\n<p>[\/vc_column_text]<div class=\"mf-empty-space \" style=\"\"><div class=\"mf_empty_space_lg\"  style=\"height: 50px\"><\/div><div class=\"mf_empty_space_md\"  style=\"height: 30px\"><\/div><div class=\"mf_empty_space_xs\"  style=\"height: 30px\"><\/div><\/div>[\/vc_column][vc_column offset=\u201dvc_col-lg-4 vc_col-md-12\u2033][vc_tta_accordion style=\u201dflat\u201d shape=\u201dsquare\u201d color=\u201dwhite\u201d c_icon=\u201dchevron\u201d active_section=\u201d2\u2033][vc_tta_section title=\u201dOur Mission\u201d tab_id=\u201d1508747151686-14cd83fe-86c0\u2033][vc_column_text]Our mission is to provide high quality Copper and Brass products at competitive prices that best suit our customers\u2019 needs and to support their business processes. We promise our customers to be not only products but also a reliable business partner. We are committed to supporting the projects of companies operating in the private sector and industrial fields at the highest level by providing consultancy on copper and brass alloys to companies specialized in sectors such as the defense industry, electrical-electronics, transformer manufacturers, auto radiator manufacturers and textile accessories manufacturers. In this regard, we work with an approach focused on continuous innovation and customer satisfaction.[\/vc_column_text][\/vc_tta_section][vc_tta_section title=\u201dOur vision\u201d tab_id=\u201d1508747188911-376a52e4-45e9\u2033][vc_column_text]Co\u015fkun Copperalloys is moving forward with the goal of becoming a leading supplier of Copper and Brass alloys worldwide. We are committed to providing our customers with top quality products by using innovation and technology at the highest level, without compromising quality and reliability standards. By taking a leading role in the industry, we aim to be a company focused on continuous development and customer satisfaction.[\/vc_column_text][\/vc_tta_section][vc_tta_section title=\u201dOur strategies\u201d tab_id=\u201d1508747186558-5a68f830-d129\u2033][vc_column_text]As Co\u015fkun Copperalloys, our strategy is an approach based on continuous innovation, quality and customer satisfaction. Our basic principle is to understand the changing needs of our customers and respond to these needs in the best way.<\/p>\n<ol>\n<li><strong>Commitment to Quality Standards:<\/strong> We absolutely do not compromise on quality standards in our products. We offer our products to our customers with the highest level of quality control processes.<\/li>\n<li><strong>Sustainability:<\/strong> We focus on environmentally friendly production and business processes. We aim for continuous improvement in renewable energy use and waste management.<\/li>\n<li><strong>Innovation and Technology:<\/strong> We constantly follow new technologies and integrate them into our production processes. In this way, we offer our customers products produced with the latest technology.<\/li>\n<li><strong>Customer happiness:<\/strong> We remain committed to providing a service that exceeds our customers\u2019 expectations. We constantly improve our service quality by taking customer feedback into account.<\/li>\n<li><strong>Flexibility and Fast Delivery: <\/strong> We adapt quickly and flexibly to the changing demands of our customers. On-time delivery is at the center of our business processes and we work devotedly to ensure that our customers\u2019 projects are completed on time.<\/li>\n<\/ol>\n<p>In line with this strategy, we aim to lead the industry and add value to our customers and establish long-term and reliable relationships with our business partners.[\/vc_column_text][\/vc_tta_section][\/vc_tta_accordion]<div class=\"mf-empty-space \" style=\"\"><div class=\"mf_empty_space_lg\"  style=\"height: 50px\"><\/div><div class=\"mf_empty_space_md\"  style=\"height: 30px\"><\/div><div class=\"mf_empty_space_xs\"  style=\"height: 30px\"><\/div><\/div>[\/vc_column][\/vc_row]<\/p>\n<\/div>","protected":false},"excerpt":{"rendered":"<p>[vc_row][vc_column][\/vc_column][\/vc_row][vc_row][vc_column offset=\u201dvc_col-lg-4 vc_col-md-12\u2033][vc_single_image image=\u201d4108\u2033 img_size=\u201d370\u00d7360\u2033][\/vc_column][vc_column offset=\u201dvc_col-lg-4 vc_col-md-12\u2033][vc_custom_heading text=\u201dWelcome to Our Factory\u201d font_container=\u201dtag:h2|font_size:20|text_align:left\u201d use_theme_fonts=\u201dyes\u201d el_class=\u201dfw-medium\u201d css=\u201d.vc_custom_1697007111833{margin-top: 0px !important;margin-bottom: 0px !important;}\u201d][vc_column_text]Co\u015fkun Copperalloys Copper Alloys Import, Export Industry. and Tic. Ltd. \u015eti. operates in line with the demands of our valued customers. We supply high quality Copper and Brass strips, rolls at competitive prices without compromising the quality [&hellip;]<\/p>\n","protected":false},"author":1,"featured_media":0,"parent":0,"menu_order":0,"comment_status":"closed","ping_status":"closed","template":"template-fullwidth.php","meta":{"footnotes":""},"class_list":["post-4321","page","type-page","status-publish","hentry","no-thumb"],"_links":{"self":[{"href":"http:\/\/ccopperalloys.com\/en\/wp-json\/wp\/v2\/pages\/4321","targetHints":{"allow":["GET"]}}],"collection":[{"href":"http:\/\/ccopperalloys.com\/en\/wp-json\/wp\/v2\/pages"}],"about":[{"href":"http:\/\/ccopperalloys.com\/en\/wp-json\/wp\/v2\/types\/page"}],"author":[{"embeddable":true,"href":"http:\/\/ccopperalloys.com\/en\/wp-json\/wp\/v2\/users\/1"}],"replies":[{"embeddable":true,"href":"http:\/\/ccopperalloys.com\/en\/wp-json\/wp\/v2\/comments?post=4321"}],"version-history":[{"count":1,"href":"http:\/\/ccopperalloys.com\/en\/wp-json\/wp\/v2\/pages\/4321\/revisions"}],"predecessor-version":[{"id":4322,"href":"http:\/\/ccopperalloys.com\/en\/wp-json\/wp\/v2\/pages\/4321\/revisions\/4322"}],"wp:attachment":[{"href":"http:\/\/ccopperalloys.com\/en\/wp-json\/wp\/v2\/media?parent=4321"}],"curies":[{"name":"wp","href":"https:\/\/api.w.org\/{rel}","templated":true}]}}